{"id":367,"date":"2014-02-28T10:04:23","date_gmt":"2014-02-28T09:04:23","guid":{"rendered":"http:\/\/grap-music.de\/?page_id=367"},"modified":"2018-10-23T14:03:06","modified_gmt":"2018-10-23T13:03:06","slug":"datenschutzerklaerung","status":"publish","type":"page","link":"https:\/\/grap-music.de\/?page_id=367","title":{"rendered":"Datenschutzerkl\u00e4rung"},"content":{"rendered":"<p><strong><big>Datenschutzerkl\u00e4rung<\/big><\/strong><\/p>\n<p>Vielen Dank f\u00fcr Ihr Interesse an unserer Website. Der Schutz Ihrer personenbezogenen Daten ist uns ein wichtiges Anliegen. Im Folgenden finden Sie Informationen zum Umgang Ihrer Daten, die durch die Nutzung unserer Website erfasst werden. Die Verarbeitung erfolgt entsprechend den gesetzlichen Regelungen zum Datenschutz. Soweit auf andere Websites verlinkt wird, haben wir weder Einfluss noch Kontrolle auf die verlinkten Inhalte und die dortigen Datenschutzbestimmungen. Wir empfehlen, die Datenschutzerkl\u00e4rungen auf den verlinkten Websites zu pr\u00fcfen, um festzustellen, ob und in welchem Umfang personenbezogene Daten erhoben, verarbeitet, genutzt oder Dritten zug\u00e4nglich gemacht werden.<\/p>\n<p>Die verantwortliche Stelle f\u00fcr die Datenverarbeitung auf dieser Website ist:<\/p>\n<p><span id=\"s3-t-firma\">GRAP!<\/span><br \/>\n<span id=\"s3-t-ansprechpartner\">Thomas Richter<\/span><br \/>\n<span id=\"s3-t-strasse\">Hansjakobstrasse 123 A<\/span><br \/>\n<span id=\"s3-t-plz\">81825<\/span> <span id=\"s3-t-ort\">M\u00fcnchen<\/span><\/p>\n<p><a href=\"mailto:administrator@grap-music.de\">mailto:administrator@grap-music.de<\/a><\/p>\n<p>Die verantwortliche Stelle entscheidet allein oder gemeinsam mit anderen \u00fcber die Zwecke und Mittel der Verarbeitung von personenbezogenen Daten (z.B. Namen, Kontaktdaten o. \u00c4.).<\/p>\n<p><strong>Widerruf Ihrer Einwilligung zur Datenverarbeitung<\/strong><\/p>\n<p>Nur mit Ihrer ausdr\u00fccklichen Einwilligung sind einige Vorg\u00e4nge der Datenverarbeitung m\u00f6glich. Ein Widerruf Ihrer bereits erteilten Einwilligung ist jederzeit m\u00f6glich. F\u00fcr den Widerruf gen\u00fcgt eine formlose Mitteilung per E-Mail. Die Mailadresse entnehmen Sie bitte dem Impressum. Die Rechtm\u00e4\u00dfigkeit der bis zum Widerruf erfolgten Datenverarbeitung bleibt vom Widerruf unber\u00fchrt.<\/p>\n<p><strong>Recht auf Beschwerde bei der zust\u00e4ndigen Aufsichtsbeh\u00f6rde<\/strong><\/p>\n<p>Als Betroffener steht Ihnen im Falle eines datenschutzrechtlichen Versto\u00dfes ein Beschwerderecht bei der zust\u00e4ndigen Aufsichtsbeh\u00f6rde zu. Zust\u00e4ndige Aufsichtsbeh\u00f6rde bez\u00fcglich datenschutzrechtlicher Fragen ist der Landesdatenschutzbeauftragte des Bundeslandes, in dem sich der Sitz unseres Unternehmens befindet. Der folgende Link stellt eine Liste der Datenschutzbeauftragten sowie deren Kontaktdaten bereit: <a href=\"https:\/\/www.bfdi.bund.de\/DE\/Infothek\/Anschriften_Links\/anschriften_links-node.html\" target=\"_blank\" rel=\"noopener\">https:\/\/www.bfdi.bund.de\/DE\/Infothek\/Anschriften_Links\/anschriften_links-node.html<\/a>.<\/p>\n<p><strong>Recht auf Daten\u00fcbertragbarkeit<\/strong><\/p>\n<p>Ihnen steht das Recht zu, Daten, die wir auf Grundlage Ihrer Einwilligung oder in Erf\u00fcllung eines Vertrags automatisiert verarbeiten, an sich oder an Dritte aush\u00e4ndigen zu lassen. Die Bereitstellung erfolgt in einem maschinenlesbaren Format. Sofern Sie die direkte \u00dcbertragung der Daten an einen anderen Verantwortlichen verlangen, erfolgt dies nur, soweit es technisch machbar ist.<\/p>\n<p><strong>Server-Log-Dateien<\/strong><\/p>\n<p>In Server-Log-Dateien erhebt und speichert der Provider der Website automatisch Informationen, die Ihr Browser automatisch an uns \u00fcbermittelt. Dies sind:<\/p>\n<ul>\n<li>Browsertyp und Browserversion<\/li>\n<li>Verwendetes Betriebssystem<\/li>\n<li>Referrer URL<\/li>\n<li>Hostname des zugreifenden Rechners<\/li>\n<li>Uhrzeit der Serveranfrage<\/li>\n<li>IP-Adresse<\/li>\n<\/ul>\n<p>Es findet keine Zusammenf\u00fchrung dieser Daten mit anderen Datenquellen statt. Grundlage der Datenverarbeitung bildet Art. 6 Abs. 1 lit. b DSGVO, der die Verarbeitung von Daten zur Erf\u00fcllung eines Vertrags oder vorvertraglicher Ma\u00dfnahmen gestattet.<\/p>\n<p><strong>Cookies<\/strong><\/p>\n<p>Unsere Website setzt Cookies ein, die vom Browser auf Ihrem Ger\u00e4t gespeichert werden und die bestimmte Einstellungen zur Nutzung der Website enthalten (z. B. zur laufenden Sitzung). Cookies dienen dazu, unser Angebot nutzerfreundlicher, effektiver und sicherer zu machen. Cookies sind kleine Textdateien, die auf Ihrem Rechner abgelegt werden und die Ihr Browser speichert. Die meisten der von uns verwendeten Cookies sind so genannte Session-Cookies, welche nach dem Schlie\u00dfen des Browsers automatisch gel\u00f6scht werden. Andere Cookies bleiben auf Ihrem Endger\u00e4t gespeichert, bis Sie diese l\u00f6schen oder die Speicherdauer abl\u00e4uft. Diese Cookies erm\u00f6glichen es uns, Ihren Browser beim n\u00e4chsten Besuch wiederzuerkennen. Teilweise dienen die Cookies dazu, durch Speicherung von Einstellungen Websiteprozesse zu vereinfachen (z. B. das Vorhalten bereits ausgew\u00e4hlter Optionen). Sofern durch einzelne von uns implementierte Cookies auch personenbezogene Daten verarbeitet werden, erfolgt die Verarbeitung gem\u00e4\u00df Art. 6 Abs. 1 lit. b DSGVO entweder zur Durchf\u00fchrung des Vertrages oder gem\u00e4\u00df Art. 6 Abs. 1 lit. f DSGVO zur Wahrung unserer berechtigten Interessen an der bestm\u00f6glichen Funktionalit\u00e4t der Website sowie einer kundenfreundlichen und effektiven Ausgestaltung des Seitenbesuchs.<\/p>\n<p>Sie k\u00f6nnen Ihren Browser so einstellen, dass Sie \u00fcber das Setzen von Cookies informiert werden und Cookies nur im Einzelfall erlauben, die Annahme von Cookies f\u00fcr bestimmte F\u00e4lle oder generell ausschlie\u00dfen sowie das automatische L\u00f6schen der Cookies beim Schlie\u00dfen des Browsers aktivieren. Die Cookie Einstellungen k\u00f6nnen unter den folgenden Links f\u00fcr die jeweiligen Browser verwaltet werden.<\/p>\n<p>Firefox: <a href=\"https:\/\/support.mozilla.org\/de\/kb\/cookies-erlauben-und-ablehnen\">https:\/\/support.mozilla.org\/de\/kb\/cookies-erlauben-und-ablehnen<\/a><br \/>\nInternet Explorer: <a href=\"http:\/\/windows.microsoft.com\/de-DE\/windows-vista\/Block-or-allow-cookies\">http:\/\/windows.microsoft.com\/de-DE\/windows-vista\/Block-or-allow-cookies<\/a><br \/>\nChrome: <a href=\"http:\/\/support.google.com\/chrome\/bin\/answer.py?hl=de&amp;hlrm=en&amp;answer=95647\">http:\/\/support.google.com\/chrome\/bin\/answer.py?hl=de&amp;hlrm=en&amp;answer=95647<\/a><br \/>\nSafari: <a href=\"https:\/\/support.apple.com\/kb\/ph21411?locale=de_DE\">https:\/\/support.apple.com\/kb\/ph21411?locale=de_DE<\/a><br \/>\nOpera: <a href=\"http:\/\/help.opera.com\/Windows\/10.20\/de\/cookies.html\">http:\/\/help.opera.com\/Windows\/10.20\/de\/cookies.html<\/a><\/p>\n<p>Sie k\u00f6nnen auch die Cookies vieler Unternehmen und Funktionen einzeln verwalten, die f\u00fcr Werbung eingesetzt werden. Verwenden Sie dazu die entsprechenden Nutzertools, abrufbar unter https:\/\/www.aboutads.info\/choices\/ oder http:\/\/www.youronlinechoices.com\/uk\/your-ad-choices Die meisten Browser bieten zudem eine sog. \u201eDo-Not-Track-Funktion\u201c an, mit der Sie angeben k\u00f6nnen, dass Sie nicht von Websites \u201everfolgt\u201c werden m\u00f6chten. Wenn diese Funktion aktiviert ist, teilt der jeweilige Browser Werbenetzwerken, Websites und Anwendungen mit, dass Sie nicht zwecks verhaltensbasierter Werbung und \u00c4hnlichem verfolgt werden m\u00f6chten. Informationen und Anleitungen, wie Sie diese Funktion bearbeiten k\u00f6nnen, erhalten Sie je nach Anbieter Ihres Browsers, unter den nachfolgenden Links:<\/p>\n<p>Google Chrome: <a href=\"https:\/\/support.google.com\/chrome\/answer\/2790761?co=GENIE.Platform%3DDesktop&amp;hl=de\">https:\/\/support.google.com\/chrome\/answer\/2790761?co=GENIE.Platform%3DDesktop&amp;hl=de<\/a><br \/>\nMozilla Firefox: <a href=\"https:\/\/www.mozilla.org\/de\/firefox\/dnt\/\">https:\/\/www.mozilla.org\/de\/firefox\/dnt\/<\/a><br \/>\nInternet Explorer: <a href=\"https:\/\/support.microsoft.com\/de-de\/help\/17288\/windows-internet-explorer-11-use-do-not-track\">https:\/\/support.microsoft.com\/de-de\/help\/17288\/windows-internet-explorer-11-use-do-not-track<\/a><br \/>\nOpera: <a href=\"http:\/\/help.opera.com\/Windows\/12.10\/de\/notrack.html\">http:\/\/help.opera.com\/Windows\/12.10\/de\/notrack.html<\/a><br \/>\nSafari: <a href=\"https:\/\/support.apple.com\/kb\/PH21416?locale=de_DE\">https:\/\/support.apple.com\/kb\/PH21416?locale=de_DE<\/a><\/p>\n<p>Zus\u00e4tzlich k\u00f6nnen Sie standardm\u00e4\u00dfig das Laden sog. Scripts verhindern. NoScript erlaubt das Ausf\u00fchren von JavaScripts, Java und anderen Plug- ins nur bei vertrauensw\u00fcrdigen Domains Ihrer Wahl. Informationen und Anleitungen, wie Sie diese Funktion bearbeiten k\u00f6nnen, erhalten Sie \u00fcber den Anbieter Ihres Browsers (z. B. f\u00fcr Mozilla Firefox unter: <a href=\"https:\/\/addons.mozilla.org\/de\/firefox\/addon\/noscript\/\">https:\/\/addons.mozilla.org\/de\/firefox\/addon\/noscript\/<\/a>). Bitte beachten Sie, dass bei der Deaktivierung von Cookies die Funktionalit\u00e4t dieser Website eingeschr\u00e4nkt sein kann.&lt;\/p<\/p>\n<p><strong>Kontaktformular<\/strong><\/p>\n<p>Per Kontaktformular \u00fcbermittelte Daten werden einschlie\u00dflich Ihrer Kontaktdaten gespeichert, um Ihre Anfrage bearbeiten zu k\u00f6nnen oder um f\u00fcr Anschlussfragen bereitzustehen. Eine Weitergabe dieser Daten findet ohne Ihre Einwilligung nicht statt.<\/p>\n<p>Die Verarbeitung der in das Kontaktformular eingegebenen Daten erfolgt ausschlie\u00dflich auf Grundlage Ihrer Einwilligung (Art. 6 Abs. 1 lit. a DSGVO). Ein Widerruf Ihrer bereits erteilten Einwilligung ist jederzeit m\u00f6glich. F\u00fcr den Widerruf gen\u00fcgt eine formlose Mitteilung per E-Mail. Die Rechtm\u00e4\u00dfigkeit der bis zum Widerruf erfolgten Datenverarbeitungsvorg\u00e4nge bleibt vom Widerruf unber\u00fchrt.<\/p>\n<p>\u00dcber das Kontaktformular \u00fcbermittelte Daten verbleiben bei uns, bis Sie uns zur L\u00f6schung auffordern, Ihre Einwilligung zur Speicherung widerrufen oder keine Notwendigkeit der Datenspeicherung mehr besteht. Zwingende gesetzliche Bestimmungen &#8211; insbesondere Aufbewahrungsfristen &#8211; bleiben unber\u00fchrt.<\/p>\n<p><strong>YouTube<\/strong><\/p>\n<p>F\u00fcr Integration und Darstellung von Videoinhalten nutzt unsere Website Plugins von YouTube. Anbieter des Videoportals ist die YouTube, LLC, 901 Cherry Ave., San Bruno, CA 94066, USA.<\/p>\n<p>Bei Aufruf einer Seite mit integriertem YouTube-Plugin wird eine Verbindung zu den Servern von YouTube hergestellt. YouTube erf\u00e4hrt hierdurch, welche unserer Seiten Sie aufgerufen haben.<\/p>\n<p>YouTube kann Ihr Surfverhalten direkt Ihrem pers\u00f6nlichen Profil zuzuordnen, sollten Sie in Ihrem YouTube Konto eingeloggt sein. Durch vorheriges Ausloggen haben Sie die M\u00f6glichkeit, dies zu unterbinden.<\/p>\n<p>Die Nutzung von YouTube erfolgt im Interesse einer ansprechenden Darstellung unserer Online-Angebote. Dies stellt ein berechtigtes Interesse im Sinne von Art. 6 Abs. 1 lit. f DSGVO dar.<\/p>\n<p>Einzelheiten zum Umgang mit Nutzerdaten finden Sie in der Datenschutzerkl\u00e4rung von YouTube unter: <a href=\"https:\/\/www.google.de\/intl\/de\/policies\/privacy\">https:\/\/www.google.de\/intl\/de\/policies\/privacy<\/a>.<\/p>\n<p><strong>\u00c4nderungen unserer Datenschutzerkl\u00e4rung<\/strong><\/p>\n<p>Wir behalten uns vor, diese Datenschutzerkl\u00e4rung erforderlichenfalls unter Beachtung der geltenden Datenschutzvorschriften anzupassen bzw. zu aktualisieren. Auf diese Weise k\u00f6nnen wir sie den den aktuellen rechtlichen Anforderungen anpassen und \u00c4nderungen unserer Leistungen ber\u00fccksichtigen, z. B. bei der Einf\u00fchrung neuer Services. F\u00fcr Ihren Besuch gilt die jeweils aktuellste Fassung.<\/p>\n<p><small>Quelle: Datenschutz-Konfigurator von <a href=\"http:\/\/www.mein-datenschutzbeauftragter.de\" target=\"_blank\" rel=\"noopener\">mein-datenschutzbeauftragter.de<\/a><\/small><\/p>\n","protected":false},"excerpt":{"rendered":"<p>Datenschutzerkl\u00e4rung Vielen Dank f\u00fcr Ihr Interesse an unserer Website. Der Schutz Ihrer personenbezogenen Daten ist uns ein wichtiges Anliegen. Im Folgenden finden Sie Informationen zum Umgang Ihrer Daten, die durch die Nutzung unserer Website erfasst werden. Die Verarbeitung erfolgt entsprechend&#8230;<\/p>\n","protected":false},"author":1,"featured_media":0,"parent":365,"menu_order":8,"comment_status":"closed","ping_status":"closed","template":"","meta":[],"_links":{"self":[{"href":"https:\/\/grap-music.de\/index.php?rest_route=\/wp\/v2\/pages\/367"}],"collection":[{"href":"https:\/\/grap-music.de\/index.php?rest_route=\/wp\/v2\/pages"}],"about":[{"href":"https:\/\/grap-music.de\/index.php?rest_route=\/wp\/v2\/types\/page"}],"author":[{"embeddable":true,"href":"https:\/\/grap-music.de\/index.php?rest_route=\/wp\/v2\/users\/1"}],"replies":[{"embeddable":true,"href":"https:\/\/grap-music.de\/index.php?rest_route=%2Fwp%2Fv2%2Fcomments&post=367"}],"version-history":[{"count":10,"href":"https:\/\/grap-music.de\/index.php?rest_route=\/wp\/v2\/pages\/367\/revisions"}],"predecessor-version":[{"id":2561,"href":"https:\/\/grap-music.de\/index.php?rest_route=\/wp\/v2\/pages\/367\/revisions\/2561"}],"up":[{"embeddable":true,"href":"https:\/\/grap-music.de\/index.php?rest_route=\/wp\/v2\/pages\/365"}],"wp:attachment":[{"href":"https:\/\/grap-music.de\/index.php?rest_route=%2Fwp%2Fv2%2Fmedia&parent=367"}],"curies":[{"name":"wp","href":"https:\/\/api.w.org\/{rel}","templated":true}]}}